{"id":14846,"date":"2020-05-18T14:25:25","date_gmt":"2020-05-18T14:25:25","guid":{"rendered":"https:\/\/www.lussona.com\/?page_id=14846"},"modified":"2025-02-02T17:46:10","modified_gmt":"2025-02-02T17:46:10","slug":"privacy-policy","status":"publish","type":"page","link":"https:\/\/www.lussona.com\/it\/privacy-policy\/","title":{"rendered":"Privacy Policy"},"content":{"rendered":"<div class=\"wpb-content-wrapper\"><p>[vc_row][vc_column width=&#8221;1\/6&#8243;][\/vc_column][vc_column width=&#8221;2\/3&#8243;][vc_column_text]Informativa sul trattamento dei dati personali ex artt. 13-14 Reg.to UE 2016\/679<\/p>\n<p>Soggetti Interessati: Navigatori Sito Internet.<\/p>\n<p>LUSSONA nella qualit\u00e0 di Titolare del trattamento dei Suoi dati personali, ai sensi e per gli effetti del Reg.to UE 2016\/679 di seguito &#8216;GDPR&#8217;, con la presente La informa che la citata normativa prevede la tutela degli interessati rispetto al trattamento dei dati personali e che tale trattamento sar\u00e0 improntato ai principi di correttezza, liceit\u00e0, trasparenza e di tutela della Sua riservatezza e dei Suoi diritti.<\/p>\n<p>I Suoi dati personali verranno trattati in accordo alle disposizioni legislative della normativa sopra richiamata e degli obblighi di riservatezza ivi previsti.<\/p>\n<h3>Finalit\u00e0 di trattamento:<\/h3>\n<p>in particolare i Suoi dati verranno trattati per le seguenti finalit\u00e0 connesse all&#8217;attuazione di adempimenti relativi ad obblighi legislativi o contrattuali:<\/p>\n<h3>finalit\u00e0 di navigazione sul sito.<\/h3>\n<p>Il trattamento dei dati funzionali per l&#8217;espletamento di tali obblighi \u00e8 necessario per una corretta gestione del rapporto e il loro conferimento \u00e8 obbligatorio per attuare le finalit\u00e0 sopra indicate.<br \/>\nIl Titolare rende noto, inoltre, che l&#8217;eventuale non comunicazione, o comunicazione errata, di una delle informazioni obbligatorie, pu\u00f2 causare l&#8217;impossibilit\u00e0 del Titolare di garantire la congruit\u00e0 del trattamento stesso.<\/p>\n<h3>Modalit\u00e0 del trattamento.<\/h3>\n<p>I suoi dati personali potranno essere trattati nei seguenti modi:<\/p>\n<p>a mezzo calcolatori elettronici con utilizzo di sistemi software gestiti da Terzi;<br \/>\na mezzo calcolatori elettronici con utilizzo di sistemi software gestiti o programmati direttamente.<\/p>\n<p>Ogni trattamento avviene nel rispetto delle modalit\u00e0 di cui agli artt. 6, 32 del GDPR e mediante l&#8217;adozione delle adeguate misure di sicurezza previste.<\/p>\n<h3>Comunicazione:<\/h3>\n<p>i suoi dati saranno comunicati esclusivamente a soggetti competenti e debitamente nominati per l&#8217;espletamento dei servizi necessari ad una corretta gestione del rapporto, con garanzia di tutela dei diritti dell&#8217;interessato.<\/p>\n<p>I suoi dati saranno trattati unicamente da personale espressamente autorizzato dal Titolare ed, in particolare, dalle seguenti categorie di addetti:<br \/>\nufficio Marketing;<br \/>\nSistemi Informativi.<\/p>\n<p>I suoi dati potranno essere comunicati a terzi, quali:<br \/>\nGoogle: Servizio pubblicitario, Target pubblicitario, Analitica\/Misurazione, Personalizzazione dei contenuti, Ottimizzazione;<br \/>\nGoogle Analytics: Target pubblicitario, Analitica\/Misurazione, Ottimizzazione.<\/p>\n<h3>Diffusione:<\/h3>\n<p>I suoi dati personali non verranno diffusi in alcun modo.<\/p>\n<p>I suoi dati personali potranno inoltre essere trasferiti, limitatamente alle finalit\u00e0 sopra riportate, nei seguenti stati:<br \/>\npaesi UE.<\/p>\n<h3>Periodo di Conservazione.<\/h3>\n<p>Le segnaliamo che, nel rispetto dei principi di liceit\u00e0, limitazione delle finalit\u00e0 e minimizzazione dei dati, ai sensi dell\u2019art. 5 del GDPR, il periodo di conservazione dei Suoi dati personali \u00e8:<br \/>\nstabilito per un arco di tempo non superiore all&#8217;espletamento dei servizi erogati.<\/p>\n<h3>Gestione dei cookie:<\/h3>\n<p>nel caso in cui Lei abbia dubbi o preoccupazioni in merito all&#8217;utilizzo dei cookie Le \u00e8 sempre possibile intervenire per impedirne l&#8217;impostazione e la lettura, ad esempio modificando le impostazioni sulla privacy all&#8217;interno del Suo browser al fine di bloccarne determinati tipi.<\/p>\n<p>Per accedere immediatamente alla cookie policy\u00a0<a href=\"https:\/\/www.lussona.com\/cookie-policy\/\">cliccare qui<\/a>.<\/p>\n<p>Poich\u00e9 ciascun browser &#8211; e spesso diverse versioni dello stesso browser &#8211; differiscono anche sensibilmente le une dalle altre se preferisce agire autonomamente mediante le preferenze del Suo browser pu\u00f2 trovare informazioni dettagliate sulla procedura necessaria nella guida del Suo browser. Per una panoramica delle modalit\u00e0 di azione per i browser pi\u00f9 comuni, pu\u00f2 visitare l&#8217;indirizzo\u00a0<a href=\"https:\/\/cookiepedia.co.uk\/\">www.cookiepedia.co.uk<\/a>.<\/p>\n<p>Le societ\u00e0 pubblicitarie consentono inoltre di rinunciare alla ricezione di annunci mirati, se lo si desidera. Ci\u00f2 non impedisce l&#8217;impostazione dei cookie, ma interrompe l&#8217;utilizzo e la raccolta di alcuni dati da parte di tali societ\u00e0.<\/p>\n<p>Per maggiori informazioni e possibilit\u00e0 di rinuncia, visitare l&#8217;indirizzo\u00a0<a href=\"http:\/\/youronlinechoices.eu\/\">www.youronlinechoices.eu\/.<\/a><\/p>\n<p>Lei ha diritto di ottenere dal titolare la cancellazione (diritto all&#8217;oblio), la limitazione, l&#8217;aggiornamento, la rettificazione, la portabilit\u00e0, l&#8217;opposizione al trattamento dei dati personali che La riguardano, nonch\u00e9 in generale pu\u00f2 esercitare tutti i diritti previsti dagli artt. 15, 16, 17, 18, 19, 20, 21, 22 del GDPR.<\/p>\n<p>Reg.to UE 2016\/679: Artt. 15, 16, 17, 18, 19, 20, 21, 22 &#8211; Diritti dell&#8217;Interessato<\/p>\n<ol>\n<li>L&#8217;interessato ha diritto di ottenere la conferma dell&#8217;esistenza o meno di dati personali che lo riguardano, anche se non ancora registrati, e la loro comunicazione in forma intelligibile.<\/li>\n<li>L&#8217;interessato ha diritto di ottenere l&#8217;indicazione:<br \/>\na. dell&#8217;origine dei dati personali;<br \/>\nb. delle finalit\u00e0 e modalit\u00e0 del trattamento;<br \/>\nc. della logica applicata in caso di trattamento effettuato con l&#8217;ausilio di strumenti elettronici;<br \/>\nd. degli estremi identificativi del titolare, dei responsabili e del rappresentante designato ai sensi dell&#8217;articolo 5, comma 2;<br \/>\ne. dei soggetti o delle categorie di soggetti ai quali i dati personali possono essere comunicati o che possono venirne a conoscenza in qualit\u00e0 di rappresentante designato nel territorio dello Stato, di responsabili o incaricati.<\/li>\n<li>L&#8217;interessato ha diritto di ottenere:<br \/>\na. l&#8217;aggiornamento, la rettificazione ovvero, quando vi ha interesse, l&#8217;integrazione dei dati;<br \/>\nb. la cancellazione, la trasformazione in forma anonima o il blocco dei dati trattati in violazione di legge, compresi quelli di cui non \u00e8 necessaria la conservazione in relazione agli scopi per i quali i dati sono stati raccolti o successivamente trattati;<br \/>\nc. l&#8217;attestazione che le operazioni di cui alle lettere a) e b) sono state portate a conoscenza, anche per quanto riguarda il loro contenuto, di coloro ai quali i dati sono stati comunicati o diffusi, eccettuato il caso in cui tale adempimento si rivela impossibile o comporta un impiego di mezzi manifestamente sproporzionato rispetto al diritto tutelato;<br \/>\nd. la portabilit\u00e0 dei dati.<\/li>\n<li>L&#8217;interessato ha diritto di opporsi, in tutto o in parte:<br \/>\na. per motivi legittimi al trattamento dei dati personali che lo riguardano, ancorch\u00e9 pertinenti allo scopo della raccolta;<br \/>\nb. al trattamento di dati personali che lo riguardano a fini di invio di materiale pubblicitario o di vendita diretta o per il compimento di ricerche di mercato o di comunicazione commerciale.<\/li>\n<\/ol>\n<p>[\/vc_column_text][\/vc_column][vc_column width=&#8221;1\/6&#8243;][\/vc_column][\/vc_row]<\/p>\n<\/div>","protected":false},"excerpt":{"rendered":"<p>[vc_row][vc_column width=&#8221;1\/6&#8243;][\/vc_column][vc_column width=&#8221;2\/3&#8243;][vc_column_text]Informativa sul trattamento dei dati personali ex artt. 13-14 Reg.to UE 2016\/679 Soggetti Interessati: Navigatori Sito Internet. LUSSONA nella qualit\u00e0 di Titolare del trattamento dei Suoi dati personali, ai sensi e per gli effetti del Reg.to UE 2016\/679 di seguito &#8216;GDPR&#8217;, con la presente La informa che la citata normativa prevede la tutela [&hellip;]<\/p>\n","protected":false},"author":1,"featured_media":0,"parent":0,"menu_order":0,"comment_status":"closed","ping_status":"closed","template":"","meta":{"inline_featured_image":false,"footnotes":""},"class_list":["post-14846","page","type-page","status-publish","hentry"],"yoast_head":"<!-- This site is optimized with the Yoast SEO plugin v26.5 - https:\/\/yoast.com\/wordpress\/plugins\/seo\/ -->\n<title>Privacy Policy - Lussona<\/title>\n<meta name=\"robots\" content=\"index, follow, max-snippet:-1, max-image-preview:large, max-video-preview:-1\" \/>\n<link rel=\"canonical\" href=\"https:\/\/www.lussona.com\/it\/privacy-policy\/\" \/>\n<meta property=\"og:locale\" content=\"it_IT\" \/>\n<meta property=\"og:type\" content=\"article\" \/>\n<meta property=\"og:title\" content=\"Privacy Policy - Lussona\" \/>\n<meta property=\"og:description\" content=\"[vc_row][vc_column width=&#8221;1\/6&#8243;][\/vc_column][vc_column width=&#8221;2\/3&#8243;][vc_column_text]Informativa sul trattamento dei dati personali ex artt. 13-14 Reg.to UE 2016\/679 Soggetti Interessati: Navigatori Sito Internet. LUSSONA nella qualit\u00e0 di Titolare del trattamento dei Suoi dati personali, ai sensi e per gli effetti del Reg.to UE 2016\/679 di seguito &#8216;GDPR&#8217;, con la presente La informa che la citata normativa prevede la tutela [&hellip;]\" \/>\n<meta property=\"og:url\" content=\"https:\/\/www.lussona.com\/it\/privacy-policy\/\" \/>\n<meta property=\"og:site_name\" content=\"Lussona\" \/>\n<meta property=\"article:modified_time\" content=\"2025-02-02T17:46:10+00:00\" \/>\n<meta name=\"twitter:card\" content=\"summary_large_image\" \/>\n<meta name=\"twitter:label1\" content=\"Tempo di lettura stimato\" \/>\n\t<meta name=\"twitter:data1\" content=\"5 minuti\" \/>\n<script type=\"application\/ld+json\" class=\"yoast-schema-graph\">{\"@context\":\"https:\/\/schema.org\",\"@graph\":[{\"@type\":\"WebPage\",\"@id\":\"https:\/\/www.lussona.com\/it\/privacy-policy\/\",\"url\":\"https:\/\/www.lussona.com\/it\/privacy-policy\/\",\"name\":\"Privacy Policy - Lussona\",\"isPartOf\":{\"@id\":\"https:\/\/www.lussona.com\/it\/#website\"},\"datePublished\":\"2020-05-18T14:25:25+00:00\",\"dateModified\":\"2025-02-02T17:46:10+00:00\",\"breadcrumb\":{\"@id\":\"https:\/\/www.lussona.com\/it\/privacy-policy\/#breadcrumb\"},\"inLanguage\":\"it-IT\",\"potentialAction\":[{\"@type\":\"ReadAction\",\"target\":[\"https:\/\/www.lussona.com\/it\/privacy-policy\/\"]}]},{\"@type\":\"BreadcrumbList\",\"@id\":\"https:\/\/www.lussona.com\/it\/privacy-policy\/#breadcrumb\",\"itemListElement\":[{\"@type\":\"ListItem\",\"position\":1,\"name\":\"Home\",\"item\":\"https:\/\/www.lussona.com\/it\/\"},{\"@type\":\"ListItem\",\"position\":2,\"name\":\"Privacy Policy\"}]},{\"@type\":\"WebSite\",\"@id\":\"https:\/\/www.lussona.com\/it\/#website\",\"url\":\"https:\/\/www.lussona.com\/it\/\",\"name\":\"Lussona\",\"description\":\"Flooring for life\",\"publisher\":{\"@id\":\"https:\/\/www.lussona.com\/it\/#organization\"},\"potentialAction\":[{\"@type\":\"SearchAction\",\"target\":{\"@type\":\"EntryPoint\",\"urlTemplate\":\"https:\/\/www.lussona.com\/it\/?s={search_term_string}\"},\"query-input\":{\"@type\":\"PropertyValueSpecification\",\"valueRequired\":true,\"valueName\":\"search_term_string\"}}],\"inLanguage\":\"it-IT\"},{\"@type\":\"Organization\",\"@id\":\"https:\/\/www.lussona.com\/it\/#organization\",\"name\":\"Lussona\",\"url\":\"https:\/\/www.lussona.com\/it\/\",\"logo\":{\"@type\":\"ImageObject\",\"inLanguage\":\"it-IT\",\"@id\":\"https:\/\/www.lussona.com\/it\/#\/schema\/logo\/image\/\",\"url\":\"https:\/\/www.lussona.com\/wp-content\/uploads\/2019\/04\/lussona_logo.svg\",\"contentUrl\":\"https:\/\/www.lussona.com\/wp-content\/uploads\/2019\/04\/lussona_logo.svg\",\"width\":1,\"height\":1,\"caption\":\"Lussona\"},\"image\":{\"@id\":\"https:\/\/www.lussona.com\/it\/#\/schema\/logo\/image\/\"}}]}<\/script>\n<!-- \/ Yoast SEO plugin. -->","yoast_head_json":{"title":"Privacy Policy - Lussona","robots":{"index":"index","follow":"follow","max-snippet":"max-snippet:-1","max-image-preview":"max-image-preview:large","max-video-preview":"max-video-preview:-1"},"canonical":"https:\/\/www.lussona.com\/it\/privacy-policy\/","og_locale":"it_IT","og_type":"article","og_title":"Privacy Policy - Lussona","og_description":"[vc_row][vc_column width=&#8221;1\/6&#8243;][\/vc_column][vc_column width=&#8221;2\/3&#8243;][vc_column_text]Informativa sul trattamento dei dati personali ex artt. 13-14 Reg.to UE 2016\/679 Soggetti Interessati: Navigatori Sito Internet. LUSSONA nella qualit\u00e0 di Titolare del trattamento dei Suoi dati personali, ai sensi e per gli effetti del Reg.to UE 2016\/679 di seguito &#8216;GDPR&#8217;, con la presente La informa che la citata normativa prevede la tutela [&hellip;]","og_url":"https:\/\/www.lussona.com\/it\/privacy-policy\/","og_site_name":"Lussona","article_modified_time":"2025-02-02T17:46:10+00:00","twitter_card":"summary_large_image","twitter_misc":{"Tempo di lettura stimato":"5 minuti"},"schema":{"@context":"https:\/\/schema.org","@graph":[{"@type":"WebPage","@id":"https:\/\/www.lussona.com\/it\/privacy-policy\/","url":"https:\/\/www.lussona.com\/it\/privacy-policy\/","name":"Privacy Policy - Lussona","isPartOf":{"@id":"https:\/\/www.lussona.com\/it\/#website"},"datePublished":"2020-05-18T14:25:25+00:00","dateModified":"2025-02-02T17:46:10+00:00","breadcrumb":{"@id":"https:\/\/www.lussona.com\/it\/privacy-policy\/#breadcrumb"},"inLanguage":"it-IT","potentialAction":[{"@type":"ReadAction","target":["https:\/\/www.lussona.com\/it\/privacy-policy\/"]}]},{"@type":"BreadcrumbList","@id":"https:\/\/www.lussona.com\/it\/privacy-policy\/#breadcrumb","itemListElement":[{"@type":"ListItem","position":1,"name":"Home","item":"https:\/\/www.lussona.com\/it\/"},{"@type":"ListItem","position":2,"name":"Privacy Policy"}]},{"@type":"WebSite","@id":"https:\/\/www.lussona.com\/it\/#website","url":"https:\/\/www.lussona.com\/it\/","name":"Lussona","description":"Flooring for life","publisher":{"@id":"https:\/\/www.lussona.com\/it\/#organization"},"potentialAction":[{"@type":"SearchAction","target":{"@type":"EntryPoint","urlTemplate":"https:\/\/www.lussona.com\/it\/?s={search_term_string}"},"query-input":{"@type":"PropertyValueSpecification","valueRequired":true,"valueName":"search_term_string"}}],"inLanguage":"it-IT"},{"@type":"Organization","@id":"https:\/\/www.lussona.com\/it\/#organization","name":"Lussona","url":"https:\/\/www.lussona.com\/it\/","logo":{"@type":"ImageObject","inLanguage":"it-IT","@id":"https:\/\/www.lussona.com\/it\/#\/schema\/logo\/image\/","url":"https:\/\/www.lussona.com\/wp-content\/uploads\/2019\/04\/lussona_logo.svg","contentUrl":"https:\/\/www.lussona.com\/wp-content\/uploads\/2019\/04\/lussona_logo.svg","width":1,"height":1,"caption":"Lussona"},"image":{"@id":"https:\/\/www.lussona.com\/it\/#\/schema\/logo\/image\/"}}]}},"_links":{"self":[{"href":"https:\/\/www.lussona.com\/it\/wp-json\/wp\/v2\/pages\/14846","targetHints":{"allow":["GET"]}}],"collection":[{"href":"https:\/\/www.lussona.com\/it\/wp-json\/wp\/v2\/pages"}],"about":[{"href":"https:\/\/www.lussona.com\/it\/wp-json\/wp\/v2\/types\/page"}],"author":[{"embeddable":true,"href":"https:\/\/www.lussona.com\/it\/wp-json\/wp\/v2\/users\/1"}],"replies":[{"embeddable":true,"href":"https:\/\/www.lussona.com\/it\/wp-json\/wp\/v2\/comments?post=14846"}],"version-history":[{"count":12,"href":"https:\/\/www.lussona.com\/it\/wp-json\/wp\/v2\/pages\/14846\/revisions"}],"predecessor-version":[{"id":16654,"href":"https:\/\/www.lussona.com\/it\/wp-json\/wp\/v2\/pages\/14846\/revisions\/16654"}],"wp:attachment":[{"href":"https:\/\/www.lussona.com\/it\/wp-json\/wp\/v2\/media?parent=14846"}],"curies":[{"name":"wp","href":"https:\/\/api.w.org\/{rel}","templated":true}]}}