{"id":14672,"date":"2020-01-08T10:00:56","date_gmt":"2020-01-08T10:00:56","guid":{"rendered":"https:\/\/www.lussona.com\/?page_id=14672"},"modified":"2020-06-18T09:55:50","modified_gmt":"2020-06-18T09:55:50","slug":"storm","status":"publish","type":"page","link":"https:\/\/www.lussona.com\/it\/collezioni\/storm\/","title":{"rendered":"STORM"},"content":{"rendered":"<div class=\"wpb-content-wrapper\"><p>[vc_row css=&#8221;.vc_custom_1590339083077{margin-top: 35px !important;margin-bottom: 35px !important;}&#8221;][vc_column width=&#8221;1\/4&#8243;][vc_column_text]<\/p>\n<h5>collezione<\/h5>\n<h2 class=\"titolo-pagina headline-large\">STORM<\/h2>\n<p>[\/vc_column_text][vc_empty_space]<div class=\"dash style-dark default\"><\/div>[\/vc_column][vc_column width=&#8221;1\/4&#8243;][vc_column_text]<\/p>\n<h5 style=\"text-align: right;\">segno distintivo:<\/h5>\n<h2 style=\"text-align: right;\"><strong><span style=\"color: #7d6741;\">FANTASY<\/span><\/strong><\/h2>\n<p>[\/vc_column_text][\/vc_column][vc_column width=&#8221;1\/2&#8243;][vc_column_text]Motivi, trame, segni rupestri o graffiti. Una deriva di libert\u00e0 creativa resa possibile da un prodotto interpretabile con gli strumenti pi\u00f9 vari, dai rulli agli stampi. Profondit\u00e0 esaltate da una velatura colorata su una base di inedite e irripetibili texture.<br \/>\nPresentato in tre delicate declinazioni su uno stesso colore di base. Realizzabile anche in altre combinazioni di colore per un progetto tagliato su misura.<\/p>\n<p>Disponibile in <a href=\"https:\/\/www.lussona.com\/color-palette\/#color-storm\">3 colori<\/a> esclusivi.[\/vc_column_text][\/vc_column][\/vc_row][vc_row][vc_column width=&#8221;1\/4&#8243;]<div class=\"content-box service-item alignment-centered service-box-dark spacing-30\"><a href=\"https:\/\/www.lussona.com\/it\/projects\/room-14\/\"><div class=\"image-container\"><div class=\"vertical-number-box\"><span class=\"vertical-number\">01<\/span><\/div><div class=\"arrow-box\"><span class=\"icon-arrow-right\"><\/span><\/div><img decoding=\"async\" src=\"https:\/\/www.lussona.com\/wp-content\/uploads\/2020\/05\/set-14-360x500.jpg\" srcset=\"https:\/\/www.lussona.com\/wp-content\/uploads\/2020\/05\/set-14-270x380.jpg 270w, https:\/\/www.lussona.com\/wp-content\/uploads\/2020\/05\/set-14-540x750.jpg 540w\" sizes=\"(min-width: 781px) 360px, calc(100vw - 30px)\" alt=\"Room 14\"><\/div><div class=\"content-box-info\"><h4 class=\"box-heading\">Room 14<\/h4><\/div><\/a><\/div>[\/vc_column][vc_column width=&#8221;1\/4&#8243;]<div class=\"content-box service-item alignment-centered service-box-dark spacing-30\"><a href=\"https:\/\/www.lussona.com\/it\/projects\/room-54\/\"><div class=\"image-container\"><div class=\"vertical-number-box\"><span class=\"vertical-number\">01<\/span><\/div><div class=\"arrow-box\"><span class=\"icon-arrow-right\"><\/span><\/div><img decoding=\"async\" src=\"https:\/\/www.lussona.com\/wp-content\/uploads\/2020\/05\/light-20-08-360x500.jpg\" srcset=\"https:\/\/www.lussona.com\/wp-content\/uploads\/2020\/05\/light-20-08-270x380.jpg 270w, https:\/\/www.lussona.com\/wp-content\/uploads\/2020\/05\/light-20-08-540x750.jpg 540w\" sizes=\"(min-width: 781px) 360px, calc(100vw - 30px)\" alt=\"Room 54\"><\/div><div class=\"content-box-info\"><h4 class=\"box-heading\">Room 54<\/h4><\/div><\/a><\/div>[\/vc_column][vc_column width=&#8221;1\/4&#8243;]<div class=\"content-box service-item alignment-centered service-box-dark spacing-30\"><a href=\"https:\/\/www.lussona.com\/it\/projects\/room-64\/\"><div class=\"image-container\"><div class=\"vertical-number-box\"><span class=\"vertical-number\">01<\/span><\/div><div class=\"arrow-box\"><span class=\"icon-arrow-right\"><\/span><\/div><img decoding=\"async\" src=\"https:\/\/www.lussona.com\/wp-content\/uploads\/2020\/05\/light-20-13-360x500.jpg\" srcset=\"https:\/\/www.lussona.com\/wp-content\/uploads\/2020\/05\/light-20-13-270x380.jpg 270w, https:\/\/www.lussona.com\/wp-content\/uploads\/2020\/05\/light-20-13-540x750.jpg 540w\" sizes=\"(min-width: 781px) 360px, calc(100vw - 30px)\" alt=\"Room 64\"><\/div><div class=\"content-box-info\"><h4 class=\"box-heading\">Room 64<\/h4><\/div><\/a><\/div>[\/vc_column][vc_column width=&#8221;1\/4&#8243;]<div class=\"content-box service-item alignment-centered service-box-dark spacing-30\"><a href=\"https:\/\/www.lussona.com\/it\/projects\/room-82\/\"><div class=\"image-container\"><div class=\"vertical-number-box\"><span class=\"vertical-number\">01<\/span><\/div><div class=\"arrow-box\"><span class=\"icon-arrow-right\"><\/span><\/div><img decoding=\"async\" src=\"https:\/\/www.lussona.com\/wp-content\/uploads\/2020\/05\/set-84-360x500.jpg\" srcset=\"https:\/\/www.lussona.com\/wp-content\/uploads\/2020\/05\/set-84-270x380.jpg 270w, https:\/\/www.lussona.com\/wp-content\/uploads\/2020\/05\/set-84-540x750.jpg 540w\" sizes=\"(min-width: 781px) 360px, calc(100vw - 30px)\" alt=\"Room 82\"><\/div><div class=\"content-box-info\"><h4 class=\"box-heading\">Room 82<\/h4><\/div><\/a><\/div>[\/vc_column][\/vc_row]<\/p>\n<\/div>","protected":false},"excerpt":{"rendered":"<p>[vc_row css=&#8221;.vc_custom_1590339083077{margin-top: 35px !important;margin-bottom: 35px !important;}&#8221;][vc_column width=&#8221;1\/4&#8243;][vc_column_text] collezione STORM [\/vc_column_text][vc_empty_space][\/vc_column][vc_column width=&#8221;1\/4&#8243;][vc_column_text] segno distintivo: FANTASY [\/vc_column_text][\/vc_column][vc_column width=&#8221;1\/2&#8243;][vc_column_text]Motivi, trame, segni rupestri o graffiti. Una deriva di libert\u00e0 creativa resa possibile da un prodotto interpretabile con gli strumenti pi\u00f9 vari, dai rulli agli stampi. Profondit\u00e0 esaltate da una velatura colorata su una base di inedite e irripetibili texture. [&hellip;]<\/p>\n","protected":false},"author":1,"featured_media":14381,"parent":42,"menu_order":0,"comment_status":"closed","ping_status":"closed","template":"","meta":{"inline_featured_image":false,"footnotes":""},"class_list":["post-14672","page","type-page","status-publish","has-post-thumbnail","hentry"],"yoast_head":"<!-- This site is optimized with the Yoast SEO plugin v26.5 - https:\/\/yoast.com\/wordpress\/plugins\/seo\/ -->\n<title>STORM - Lussona<\/title>\n<meta name=\"robots\" content=\"index, follow, max-snippet:-1, max-image-preview:large, max-video-preview:-1\" \/>\n<link rel=\"canonical\" href=\"https:\/\/www.lussona.com\/it\/collezioni\/storm\/\" \/>\n<meta property=\"og:locale\" content=\"it_IT\" \/>\n<meta property=\"og:type\" content=\"article\" \/>\n<meta property=\"og:title\" content=\"STORM - Lussona\" \/>\n<meta property=\"og:description\" content=\"[vc_row css=&#8221;.vc_custom_1590339083077{margin-top: 35px !important;margin-bottom: 35px !important;}&#8221;][vc_column width=&#8221;1\/4&#8243;][vc_column_text] collezione STORM [\/vc_column_text][vc_empty_space][\/vc_column][vc_column width=&#8221;1\/4&#8243;][vc_column_text] segno distintivo: FANTASY [\/vc_column_text][\/vc_column][vc_column width=&#8221;1\/2&#8243;][vc_column_text]Motivi, trame, segni rupestri o graffiti. Una deriva di libert\u00e0 creativa resa possibile da un prodotto interpretabile con gli strumenti pi\u00f9 vari, dai rulli agli stampi. Profondit\u00e0 esaltate da una velatura colorata su una base di inedite e irripetibili texture. [&hellip;]\" \/>\n<meta property=\"og:url\" content=\"https:\/\/www.lussona.com\/it\/collezioni\/storm\/\" \/>\n<meta property=\"og:site_name\" content=\"Lussona\" \/>\n<meta property=\"article:modified_time\" content=\"2020-06-18T09:55:50+00:00\" \/>\n<meta property=\"og:image\" content=\"https:\/\/www.lussona.com\/wp-content\/uploads\/2020\/05\/light-20-13-zoom.jpg\" \/>\n\t<meta property=\"og:image:width\" content=\"950\" \/>\n\t<meta property=\"og:image:height\" content=\"878\" \/>\n\t<meta property=\"og:image:type\" content=\"image\/jpeg\" \/>\n<meta name=\"twitter:card\" content=\"summary_large_image\" \/>\n<meta name=\"twitter:label1\" content=\"Tempo di lettura stimato\" \/>\n\t<meta name=\"twitter:data1\" content=\"1 minuto\" \/>\n<script type=\"application\/ld+json\" class=\"yoast-schema-graph\">{\"@context\":\"https:\/\/schema.org\",\"@graph\":[{\"@type\":\"WebPage\",\"@id\":\"https:\/\/www.lussona.com\/it\/collezioni\/storm\/\",\"url\":\"https:\/\/www.lussona.com\/it\/collezioni\/storm\/\",\"name\":\"STORM - Lussona\",\"isPartOf\":{\"@id\":\"https:\/\/www.lussona.com\/it\/#website\"},\"primaryImageOfPage\":{\"@id\":\"https:\/\/www.lussona.com\/it\/collezioni\/storm\/#primaryimage\"},\"image\":{\"@id\":\"https:\/\/www.lussona.com\/it\/collezioni\/storm\/#primaryimage\"},\"thumbnailUrl\":\"https:\/\/www.lussona.com\/wp-content\/uploads\/2020\/05\/light-20-13-zoom.jpg\",\"datePublished\":\"2020-01-08T10:00:56+00:00\",\"dateModified\":\"2020-06-18T09:55:50+00:00\",\"breadcrumb\":{\"@id\":\"https:\/\/www.lussona.com\/it\/collezioni\/storm\/#breadcrumb\"},\"inLanguage\":\"it-IT\",\"potentialAction\":[{\"@type\":\"ReadAction\",\"target\":[\"https:\/\/www.lussona.com\/it\/collezioni\/storm\/\"]}]},{\"@type\":\"ImageObject\",\"inLanguage\":\"it-IT\",\"@id\":\"https:\/\/www.lussona.com\/it\/collezioni\/storm\/#primaryimage\",\"url\":\"https:\/\/www.lussona.com\/wp-content\/uploads\/2020\/05\/light-20-13-zoom.jpg\",\"contentUrl\":\"https:\/\/www.lussona.com\/wp-content\/uploads\/2020\/05\/light-20-13-zoom.jpg\",\"width\":950,\"height\":878},{\"@type\":\"BreadcrumbList\",\"@id\":\"https:\/\/www.lussona.com\/it\/collezioni\/storm\/#breadcrumb\",\"itemListElement\":[{\"@type\":\"ListItem\",\"position\":1,\"name\":\"Home\",\"item\":\"https:\/\/www.lussona.com\/it\/\"},{\"@type\":\"ListItem\",\"position\":2,\"name\":\"Collezioni\",\"item\":\"https:\/\/www.lussona.com\/it\/collezioni\/\"},{\"@type\":\"ListItem\",\"position\":3,\"name\":\"STORM\"}]},{\"@type\":\"WebSite\",\"@id\":\"https:\/\/www.lussona.com\/it\/#website\",\"url\":\"https:\/\/www.lussona.com\/it\/\",\"name\":\"Lussona\",\"description\":\"Flooring for life\",\"publisher\":{\"@id\":\"https:\/\/www.lussona.com\/it\/#organization\"},\"potentialAction\":[{\"@type\":\"SearchAction\",\"target\":{\"@type\":\"EntryPoint\",\"urlTemplate\":\"https:\/\/www.lussona.com\/it\/?s={search_term_string}\"},\"query-input\":{\"@type\":\"PropertyValueSpecification\",\"valueRequired\":true,\"valueName\":\"search_term_string\"}}],\"inLanguage\":\"it-IT\"},{\"@type\":\"Organization\",\"@id\":\"https:\/\/www.lussona.com\/it\/#organization\",\"name\":\"Lussona\",\"url\":\"https:\/\/www.lussona.com\/it\/\",\"logo\":{\"@type\":\"ImageObject\",\"inLanguage\":\"it-IT\",\"@id\":\"https:\/\/www.lussona.com\/it\/#\/schema\/logo\/image\/\",\"url\":\"https:\/\/www.lussona.com\/wp-content\/uploads\/2019\/04\/lussona_logo.svg\",\"contentUrl\":\"https:\/\/www.lussona.com\/wp-content\/uploads\/2019\/04\/lussona_logo.svg\",\"width\":1,\"height\":1,\"caption\":\"Lussona\"},\"image\":{\"@id\":\"https:\/\/www.lussona.com\/it\/#\/schema\/logo\/image\/\"}}]}<\/script>\n<!-- \/ Yoast SEO plugin. -->","yoast_head_json":{"title":"STORM - Lussona","robots":{"index":"index","follow":"follow","max-snippet":"max-snippet:-1","max-image-preview":"max-image-preview:large","max-video-preview":"max-video-preview:-1"},"canonical":"https:\/\/www.lussona.com\/it\/collezioni\/storm\/","og_locale":"it_IT","og_type":"article","og_title":"STORM - Lussona","og_description":"[vc_row css=&#8221;.vc_custom_1590339083077{margin-top: 35px !important;margin-bottom: 35px !important;}&#8221;][vc_column width=&#8221;1\/4&#8243;][vc_column_text] collezione STORM [\/vc_column_text][vc_empty_space][\/vc_column][vc_column width=&#8221;1\/4&#8243;][vc_column_text] segno distintivo: FANTASY [\/vc_column_text][\/vc_column][vc_column width=&#8221;1\/2&#8243;][vc_column_text]Motivi, trame, segni rupestri o graffiti. Una deriva di libert\u00e0 creativa resa possibile da un prodotto interpretabile con gli strumenti pi\u00f9 vari, dai rulli agli stampi. Profondit\u00e0 esaltate da una velatura colorata su una base di inedite e irripetibili texture. [&hellip;]","og_url":"https:\/\/www.lussona.com\/it\/collezioni\/storm\/","og_site_name":"Lussona","article_modified_time":"2020-06-18T09:55:50+00:00","og_image":[{"width":950,"height":878,"url":"https:\/\/www.lussona.com\/wp-content\/uploads\/2020\/05\/light-20-13-zoom.jpg","type":"image\/jpeg"}],"twitter_card":"summary_large_image","twitter_misc":{"Tempo di lettura stimato":"1 minuto"},"schema":{"@context":"https:\/\/schema.org","@graph":[{"@type":"WebPage","@id":"https:\/\/www.lussona.com\/it\/collezioni\/storm\/","url":"https:\/\/www.lussona.com\/it\/collezioni\/storm\/","name":"STORM - Lussona","isPartOf":{"@id":"https:\/\/www.lussona.com\/it\/#website"},"primaryImageOfPage":{"@id":"https:\/\/www.lussona.com\/it\/collezioni\/storm\/#primaryimage"},"image":{"@id":"https:\/\/www.lussona.com\/it\/collezioni\/storm\/#primaryimage"},"thumbnailUrl":"https:\/\/www.lussona.com\/wp-content\/uploads\/2020\/05\/light-20-13-zoom.jpg","datePublished":"2020-01-08T10:00:56+00:00","dateModified":"2020-06-18T09:55:50+00:00","breadcrumb":{"@id":"https:\/\/www.lussona.com\/it\/collezioni\/storm\/#breadcrumb"},"inLanguage":"it-IT","potentialAction":[{"@type":"ReadAction","target":["https:\/\/www.lussona.com\/it\/collezioni\/storm\/"]}]},{"@type":"ImageObject","inLanguage":"it-IT","@id":"https:\/\/www.lussona.com\/it\/collezioni\/storm\/#primaryimage","url":"https:\/\/www.lussona.com\/wp-content\/uploads\/2020\/05\/light-20-13-zoom.jpg","contentUrl":"https:\/\/www.lussona.com\/wp-content\/uploads\/2020\/05\/light-20-13-zoom.jpg","width":950,"height":878},{"@type":"BreadcrumbList","@id":"https:\/\/www.lussona.com\/it\/collezioni\/storm\/#breadcrumb","itemListElement":[{"@type":"ListItem","position":1,"name":"Home","item":"https:\/\/www.lussona.com\/it\/"},{"@type":"ListItem","position":2,"name":"Collezioni","item":"https:\/\/www.lussona.com\/it\/collezioni\/"},{"@type":"ListItem","position":3,"name":"STORM"}]},{"@type":"WebSite","@id":"https:\/\/www.lussona.com\/it\/#website","url":"https:\/\/www.lussona.com\/it\/","name":"Lussona","description":"Flooring for life","publisher":{"@id":"https:\/\/www.lussona.com\/it\/#organization"},"potentialAction":[{"@type":"SearchAction","target":{"@type":"EntryPoint","urlTemplate":"https:\/\/www.lussona.com\/it\/?s={search_term_string}"},"query-input":{"@type":"PropertyValueSpecification","valueRequired":true,"valueName":"search_term_string"}}],"inLanguage":"it-IT"},{"@type":"Organization","@id":"https:\/\/www.lussona.com\/it\/#organization","name":"Lussona","url":"https:\/\/www.lussona.com\/it\/","logo":{"@type":"ImageObject","inLanguage":"it-IT","@id":"https:\/\/www.lussona.com\/it\/#\/schema\/logo\/image\/","url":"https:\/\/www.lussona.com\/wp-content\/uploads\/2019\/04\/lussona_logo.svg","contentUrl":"https:\/\/www.lussona.com\/wp-content\/uploads\/2019\/04\/lussona_logo.svg","width":1,"height":1,"caption":"Lussona"},"image":{"@id":"https:\/\/www.lussona.com\/it\/#\/schema\/logo\/image\/"}}]}},"_links":{"self":[{"href":"https:\/\/www.lussona.com\/it\/wp-json\/wp\/v2\/pages\/14672","targetHints":{"allow":["GET"]}}],"collection":[{"href":"https:\/\/www.lussona.com\/it\/wp-json\/wp\/v2\/pages"}],"about":[{"href":"https:\/\/www.lussona.com\/it\/wp-json\/wp\/v2\/types\/page"}],"author":[{"embeddable":true,"href":"https:\/\/www.lussona.com\/it\/wp-json\/wp\/v2\/users\/1"}],"replies":[{"embeddable":true,"href":"https:\/\/www.lussona.com\/it\/wp-json\/wp\/v2\/comments?post=14672"}],"version-history":[{"count":24,"href":"https:\/\/www.lussona.com\/it\/wp-json\/wp\/v2\/pages\/14672\/revisions"}],"predecessor-version":[{"id":15892,"href":"https:\/\/www.lussona.com\/it\/wp-json\/wp\/v2\/pages\/14672\/revisions\/15892"}],"up":[{"embeddable":true,"href":"https:\/\/www.lussona.com\/it\/wp-json\/wp\/v2\/pages\/42"}],"wp:featuredmedia":[{"embeddable":true,"href":"https:\/\/www.lussona.com\/it\/wp-json\/wp\/v2\/media\/14381"}],"wp:attachment":[{"href":"https:\/\/www.lussona.com\/it\/wp-json\/wp\/v2\/media?parent=14672"}],"curies":[{"name":"wp","href":"https:\/\/api.w.org\/{rel}","templated":true}]}}