{"id":14612,"date":"2020-01-04T10:00:48","date_gmt":"2020-01-04T10:00:48","guid":{"rendered":"https:\/\/www.lussona.com\/?page_id=14612"},"modified":"2020-06-05T07:35:51","modified_gmt":"2020-06-05T07:35:51","slug":"light-xl","status":"publish","type":"page","link":"https:\/\/www.lussona.com\/it\/collezioni\/light-xl\/","title":{"rendered":"LIGHT XL"},"content":{"rendered":"<div class=\"wpb-content-wrapper\"><p>[vc_row css=&#8221;.vc_custom_1590339083077{margin-top: 35px !important;margin-bottom: 35px !important;}&#8221;][vc_column width=&#8221;1\/4&#8243;][vc_column_text]<\/p>\n<h5>collezione<\/h5>\n<h2 class=\"titolo-pagina headline-large\">LIGHT XL<\/h2>\n<p>[\/vc_column_text][vc_empty_space]<div class=\"dash style-dark default\"><\/div>[\/vc_column][vc_column width=&#8221;1\/4&#8243;][vc_column_text]<\/p>\n<h5 style=\"text-align: right;\">segno distintivo:<\/h5>\n<h2 style=\"text-align: right;\"><strong><span style=\"color: #7d6741;\">DI CARATTERE<\/span><\/strong><\/h2>\n<p>[\/vc_column_text][\/vc_column][vc_column width=&#8221;1\/2&#8243;][vc_column_text]Minimale, ma con carattere. Un\u2019interpretazione di grande personalit\u00e0: una matericit\u00e0 importante, ma sempre con delicate cromie. Aggiunge all&#8217;effetto Light segni pi\u00f9 marcati resi unici dalla maestria della lavorazione artigianale a spatola. Onde monocromatiche e lievi nuances che rendono speciale la superficie. Per residenziale e commerciale, senza timori.<\/p>\n<p>Disponibile in <a href=\"https:\/\/www.lussona.com\/color-palette\/#color-24\">24 colori<\/a> esclusivi.[\/vc_column_text][\/vc_column][\/vc_row][vc_row][vc_column][vc_column_text]<\/p>\n<p>[\/vc_column_text][\/vc_column][\/vc_row][vc_row][vc_column width=&#8221;1\/4&#8243;]<div class=\"content-box service-item alignment-centered service-box-dark spacing-30\"><a href=\"https:\/\/www.lussona.com\/it\/projects\/room-18\/\"><div class=\"image-container\"><div class=\"vertical-number-box\"><span class=\"vertical-number\">01<\/span><\/div><div class=\"arrow-box\"><span class=\"icon-arrow-right\"><\/span><\/div><img decoding=\"async\" src=\"https:\/\/www.lussona.com\/wp-content\/uploads\/2020\/05\/set-18-360x500.jpg\" srcset=\"https:\/\/www.lussona.com\/wp-content\/uploads\/2020\/05\/set-18-270x380.jpg 270w, https:\/\/www.lussona.com\/wp-content\/uploads\/2020\/05\/set-18-540x750.jpg 540w\" sizes=\"(min-width: 781px) 360px, calc(100vw - 30px)\" alt=\"Room 18\"><\/div><div class=\"content-box-info\"><h4 class=\"box-heading\">Room 18<\/h4><\/div><\/a><\/div>[\/vc_column][vc_column width=&#8221;1\/4&#8243;]<div class=\"content-box service-item alignment-centered service-box-dark spacing-30\"><a href=\"https:\/\/www.lussona.com\/it\/projects\/room-32\/\"><div class=\"image-container\"><div class=\"vertical-number-box\"><span class=\"vertical-number\">01<\/span><\/div><div class=\"arrow-box\"><span class=\"icon-arrow-right\"><\/span><\/div><img decoding=\"async\" src=\"https:\/\/www.lussona.com\/wp-content\/uploads\/2020\/05\/set-32-360x500.jpg\" srcset=\"https:\/\/www.lussona.com\/wp-content\/uploads\/2020\/05\/set-32-270x380.jpg 270w, https:\/\/www.lussona.com\/wp-content\/uploads\/2020\/05\/set-32-540x750.jpg 540w\" sizes=\"(min-width: 781px) 360px, calc(100vw - 30px)\" alt=\"Room 32\"><\/div><div class=\"content-box-info\"><h4 class=\"box-heading\">Room 32<\/h4><\/div><\/a><\/div>[\/vc_column][vc_column width=&#8221;1\/4&#8243;]<div class=\"content-box service-item alignment-centered service-box-dark spacing-30\"><a href=\"https:\/\/www.lussona.com\/it\/projects\/room-34\/\"><div class=\"image-container\"><div class=\"vertical-number-box\"><span class=\"vertical-number\">01<\/span><\/div><div class=\"arrow-box\"><span class=\"icon-arrow-right\"><\/span><\/div><img decoding=\"async\" src=\"https:\/\/www.lussona.com\/wp-content\/uploads\/2020\/05\/set-34-360x500.jpg\" srcset=\"https:\/\/www.lussona.com\/wp-content\/uploads\/2020\/05\/set-34-270x380.jpg 270w, https:\/\/www.lussona.com\/wp-content\/uploads\/2020\/05\/set-34-540x750.jpg 540w\" sizes=\"(min-width: 781px) 360px, calc(100vw - 30px)\" alt=\"Room 34\"><\/div><div class=\"content-box-info\"><h4 class=\"box-heading\">Room 34<\/h4><\/div><\/a><\/div>[\/vc_column][vc_column width=&#8221;1\/4&#8243;]<div class=\"content-box service-item alignment-centered service-box-dark spacing-30\"><a href=\"https:\/\/www.lussona.com\/it\/projects\/room-36\/\"><div class=\"image-container\"><div class=\"vertical-number-box\"><span class=\"vertical-number\">01<\/span><\/div><div class=\"arrow-box\"><span class=\"icon-arrow-right\"><\/span><\/div><img decoding=\"async\" src=\"https:\/\/www.lussona.com\/wp-content\/uploads\/2020\/05\/light-20-10-360x500.jpg\" srcset=\"https:\/\/www.lussona.com\/wp-content\/uploads\/2020\/05\/light-20-10-270x380.jpg 270w, https:\/\/www.lussona.com\/wp-content\/uploads\/2020\/05\/light-20-10-540x750.jpg 540w\" sizes=\"(min-width: 781px) 360px, calc(100vw - 30px)\" alt=\"Room 36\"><\/div><div class=\"content-box-info\"><h4 class=\"box-heading\">Room 36<\/h4><\/div><\/a><\/div>[\/vc_column][\/vc_row][vc_row][vc_column width=&#8221;1\/4&#8243;]<div class=\"content-box service-item alignment-centered service-box-dark spacing-30\"><a href=\"https:\/\/www.lussona.com\/it\/projects\/room-46\/\"><div class=\"image-container\"><div class=\"vertical-number-box\"><span class=\"vertical-number\">01<\/span><\/div><div class=\"arrow-box\"><span class=\"icon-arrow-right\"><\/span><\/div><img decoding=\"async\" src=\"https:\/\/www.lussona.com\/wp-content\/uploads\/2020\/05\/set-46-360x500.jpg\" srcset=\"https:\/\/www.lussona.com\/wp-content\/uploads\/2020\/05\/set-46-270x380.jpg 270w, https:\/\/www.lussona.com\/wp-content\/uploads\/2020\/05\/set-46-540x750.jpg 540w\" sizes=\"(min-width: 781px) 360px, calc(100vw - 30px)\" alt=\"Room 46\"><\/div><div class=\"content-box-info\"><h4 class=\"box-heading\">Room 46<\/h4><\/div><\/a><\/div>[\/vc_column][vc_column width=&#8221;1\/4&#8243;]<div class=\"content-box service-item alignment-centered service-box-dark spacing-30\"><a href=\"https:\/\/www.lussona.com\/it\/projects\/room-50\/\"><div class=\"image-container\"><div class=\"vertical-number-box\"><span class=\"vertical-number\">01<\/span><\/div><div class=\"arrow-box\"><span class=\"icon-arrow-right\"><\/span><\/div><img decoding=\"async\" src=\"https:\/\/www.lussona.com\/wp-content\/uploads\/2020\/05\/light-20-07-360x500.jpg\" srcset=\"https:\/\/www.lussona.com\/wp-content\/uploads\/2020\/05\/light-20-07-270x380.jpg 270w, https:\/\/www.lussona.com\/wp-content\/uploads\/2020\/05\/light-20-07-540x750.jpg 540w\" sizes=\"(min-width: 781px) 360px, calc(100vw - 30px)\" alt=\"Room 50\"><\/div><div class=\"content-box-info\"><h4 class=\"box-heading\">Room 50<\/h4><\/div><\/a><\/div>[\/vc_column][vc_column width=&#8221;1\/4&#8243;]<div class=\"content-box service-item alignment-centered service-box-dark spacing-30\"><a href=\"https:\/\/www.lussona.com\/it\/projects\/room-56\/\"><div class=\"image-container\"><div class=\"vertical-number-box\"><span class=\"vertical-number\">01<\/span><\/div><div class=\"arrow-box\"><span class=\"icon-arrow-right\"><\/span><\/div><img decoding=\"async\" src=\"https:\/\/www.lussona.com\/wp-content\/uploads\/2020\/05\/set-56-360x500.jpg\" srcset=\"https:\/\/www.lussona.com\/wp-content\/uploads\/2020\/05\/set-56-270x380.jpg 270w, https:\/\/www.lussona.com\/wp-content\/uploads\/2020\/05\/set-56-540x750.jpg 540w\" sizes=\"(min-width: 781px) 360px, calc(100vw - 30px)\" alt=\"Room 56\"><\/div><div class=\"content-box-info\"><h4 class=\"box-heading\">Room 56<\/h4><\/div><\/a><\/div>[\/vc_column][vc_column width=&#8221;1\/4&#8243;]<div class=\"content-box service-item alignment-centered service-box-dark spacing-30\"><a href=\"https:\/\/www.lussona.com\/it\/projects\/room-76\/\"><div class=\"image-container\"><div class=\"vertical-number-box\"><span class=\"vertical-number\">01<\/span><\/div><div class=\"arrow-box\"><span class=\"icon-arrow-right\"><\/span><\/div><img decoding=\"async\" src=\"https:\/\/www.lussona.com\/wp-content\/uploads\/2020\/05\/light-20-14-360x500.jpg\" srcset=\"https:\/\/www.lussona.com\/wp-content\/uploads\/2020\/05\/light-20-14-270x380.jpg 270w, https:\/\/www.lussona.com\/wp-content\/uploads\/2020\/05\/light-20-14-540x750.jpg 540w\" sizes=\"(min-width: 781px) 360px, calc(100vw - 30px)\" alt=\"Room 76\"><\/div><div class=\"content-box-info\"><h4 class=\"box-heading\">Room 76<\/h4><\/div><\/a><\/div>[\/vc_column][\/vc_row][vc_row][vc_column width=&#8221;1\/4&#8243;]<div class=\"content-box service-item alignment-centered service-box-dark spacing-30\"><a href=\"https:\/\/www.lussona.com\/it\/projects\/room-62\/\"><div class=\"image-container\"><div class=\"vertical-number-box\"><span class=\"vertical-number\">01<\/span><\/div><div class=\"arrow-box\"><span class=\"icon-arrow-right\"><\/span><\/div><img decoding=\"async\" src=\"https:\/\/www.lussona.com\/wp-content\/uploads\/2020\/05\/set-62-360x500.jpg\" srcset=\"https:\/\/www.lussona.com\/wp-content\/uploads\/2020\/05\/set-62-270x380.jpg 270w, https:\/\/www.lussona.com\/wp-content\/uploads\/2020\/05\/set-62-540x750.jpg 540w\" sizes=\"(min-width: 781px) 360px, calc(100vw - 30px)\" alt=\"Room 62\"><\/div><div class=\"content-box-info\"><h4 class=\"box-heading\">Room 62<\/h4><\/div><\/a><\/div>[\/vc_column][vc_column width=&#8221;1\/4&#8243;]<div class=\"content-box service-item alignment-centered service-box-dark spacing-30\"><a href=\"https:\/\/www.lussona.com\/it\/projects\/room-64\/\"><div class=\"image-container\"><div class=\"vertical-number-box\"><span class=\"vertical-number\">01<\/span><\/div><div class=\"arrow-box\"><span class=\"icon-arrow-right\"><\/span><\/div><img decoding=\"async\" src=\"https:\/\/www.lussona.com\/wp-content\/uploads\/2020\/05\/light-20-13-360x500.jpg\" srcset=\"https:\/\/www.lussona.com\/wp-content\/uploads\/2020\/05\/light-20-13-270x380.jpg 270w, https:\/\/www.lussona.com\/wp-content\/uploads\/2020\/05\/light-20-13-540x750.jpg 540w\" sizes=\"(min-width: 781px) 360px, calc(100vw - 30px)\" alt=\"Room 64\"><\/div><div class=\"content-box-info\"><h4 class=\"box-heading\">Room 64<\/h4><\/div><\/a><\/div>[\/vc_column][vc_column width=&#8221;1\/4&#8243;]<div class=\"content-box service-item alignment-centered service-box-dark spacing-30\"><a href=\"https:\/\/www.lussona.com\/it\/projects\/room-60\/\"><div class=\"image-container\"><div class=\"vertical-number-box\"><span class=\"vertical-number\">01<\/span><\/div><div class=\"arrow-box\"><span class=\"icon-arrow-right\"><\/span><\/div><img decoding=\"async\" src=\"https:\/\/www.lussona.com\/wp-content\/uploads\/2020\/05\/set-60-360x500.jpg\" srcset=\"https:\/\/www.lussona.com\/wp-content\/uploads\/2020\/05\/set-60-270x380.jpg 270w, https:\/\/www.lussona.com\/wp-content\/uploads\/2020\/05\/set-60-540x750.jpg 540w\" sizes=\"(min-width: 781px) 360px, calc(100vw - 30px)\" alt=\"Room 60\"><\/div><div class=\"content-box-info\"><h4 class=\"box-heading\">Room 60<\/h4><\/div><\/a><\/div>[\/vc_column][vc_column width=&#8221;1\/4&#8243;]<div class=\"content-box service-item alignment-centered service-box-dark spacing-30\"><a href=\"https:\/\/www.lussona.com\/it\/projects\/room-42\/\"><div class=\"image-container\"><div class=\"vertical-number-box\"><span class=\"vertical-number\">01<\/span><\/div><div class=\"arrow-box\"><span class=\"icon-arrow-right\"><\/span><\/div><img decoding=\"async\" src=\"https:\/\/www.lussona.com\/wp-content\/uploads\/2020\/05\/set-42-360x500.jpg\" srcset=\"https:\/\/www.lussona.com\/wp-content\/uploads\/2020\/05\/set-42-270x380.jpg 270w, https:\/\/www.lussona.com\/wp-content\/uploads\/2020\/05\/set-42-540x750.jpg 540w\" sizes=\"(min-width: 781px) 360px, calc(100vw - 30px)\" alt=\"Room 42\"><\/div><div class=\"content-box-info\"><h4 class=\"box-heading\">Room 42<\/h4><\/div><\/a><\/div>[\/vc_column][\/vc_row]<\/p>\n<\/div>","protected":false},"excerpt":{"rendered":"<p>[vc_row css=&#8221;.vc_custom_1590339083077{margin-top: 35px !important;margin-bottom: 35px !important;}&#8221;][vc_column width=&#8221;1\/4&#8243;][vc_column_text] collezione LIGHT XL [\/vc_column_text][vc_empty_space][\/vc_column][vc_column width=&#8221;1\/4&#8243;][vc_column_text] segno distintivo: DI CARATTERE [\/vc_column_text][\/vc_column][vc_column width=&#8221;1\/2&#8243;][vc_column_text]Minimale, ma con carattere. Un\u2019interpretazione di grande personalit\u00e0: una matericit\u00e0 importante, ma sempre con delicate cromie. Aggiunge all&#8217;effetto Light segni pi\u00f9 marcati resi unici dalla maestria della lavorazione artigianale a spatola. Onde monocromatiche e lievi nuances che rendono [&hellip;]<\/p>\n","protected":false},"author":1,"featured_media":14522,"parent":42,"menu_order":0,"comment_status":"closed","ping_status":"closed","template":"","meta":{"inline_featured_image":false,"footnotes":""},"class_list":["post-14612","page","type-page","status-publish","has-post-thumbnail","hentry"],"yoast_head":"<!-- This site is optimized with the Yoast SEO plugin v26.5 - https:\/\/yoast.com\/wordpress\/plugins\/seo\/ -->\n<title>LIGHT XL - Lussona<\/title>\n<meta name=\"robots\" content=\"index, follow, max-snippet:-1, max-image-preview:large, max-video-preview:-1\" \/>\n<link rel=\"canonical\" href=\"https:\/\/www.lussona.com\/it\/collezioni\/light-xl\/\" \/>\n<meta property=\"og:locale\" content=\"it_IT\" \/>\n<meta property=\"og:type\" content=\"article\" \/>\n<meta property=\"og:title\" content=\"LIGHT XL - Lussona\" \/>\n<meta property=\"og:description\" content=\"[vc_row css=&#8221;.vc_custom_1590339083077{margin-top: 35px !important;margin-bottom: 35px !important;}&#8221;][vc_column width=&#8221;1\/4&#8243;][vc_column_text] collezione LIGHT XL [\/vc_column_text][vc_empty_space][\/vc_column][vc_column width=&#8221;1\/4&#8243;][vc_column_text] segno distintivo: DI CARATTERE [\/vc_column_text][\/vc_column][vc_column width=&#8221;1\/2&#8243;][vc_column_text]Minimale, ma con carattere. Un\u2019interpretazione di grande personalit\u00e0: una matericit\u00e0 importante, ma sempre con delicate cromie. Aggiunge all&#8217;effetto Light segni pi\u00f9 marcati resi unici dalla maestria della lavorazione artigianale a spatola. Onde monocromatiche e lievi nuances che rendono [&hellip;]\" \/>\n<meta property=\"og:url\" content=\"https:\/\/www.lussona.com\/it\/collezioni\/light-xl\/\" \/>\n<meta property=\"og:site_name\" content=\"Lussona\" \/>\n<meta property=\"article:modified_time\" content=\"2020-06-05T07:35:51+00:00\" \/>\n<meta property=\"og:image\" content=\"https:\/\/www.lussona.com\/wp-content\/uploads\/2020\/05\/set-46.jpg\" \/>\n\t<meta property=\"og:image:width\" content=\"981\" \/>\n\t<meta property=\"og:image:height\" content=\"1250\" \/>\n\t<meta property=\"og:image:type\" content=\"image\/jpeg\" \/>\n<meta name=\"twitter:card\" content=\"summary_large_image\" \/>\n<meta name=\"twitter:label1\" content=\"Tempo di lettura stimato\" \/>\n\t<meta name=\"twitter:data1\" content=\"1 minuto\" \/>\n<script type=\"application\/ld+json\" class=\"yoast-schema-graph\">{\"@context\":\"https:\/\/schema.org\",\"@graph\":[{\"@type\":\"WebPage\",\"@id\":\"https:\/\/www.lussona.com\/it\/collezioni\/light-xl\/\",\"url\":\"https:\/\/www.lussona.com\/it\/collezioni\/light-xl\/\",\"name\":\"LIGHT XL - Lussona\",\"isPartOf\":{\"@id\":\"https:\/\/www.lussona.com\/it\/#website\"},\"primaryImageOfPage\":{\"@id\":\"https:\/\/www.lussona.com\/it\/collezioni\/light-xl\/#primaryimage\"},\"image\":{\"@id\":\"https:\/\/www.lussona.com\/it\/collezioni\/light-xl\/#primaryimage\"},\"thumbnailUrl\":\"https:\/\/www.lussona.com\/wp-content\/uploads\/2020\/05\/set-46.jpg\",\"datePublished\":\"2020-01-04T10:00:48+00:00\",\"dateModified\":\"2020-06-05T07:35:51+00:00\",\"breadcrumb\":{\"@id\":\"https:\/\/www.lussona.com\/it\/collezioni\/light-xl\/#breadcrumb\"},\"inLanguage\":\"it-IT\",\"potentialAction\":[{\"@type\":\"ReadAction\",\"target\":[\"https:\/\/www.lussona.com\/it\/collezioni\/light-xl\/\"]}]},{\"@type\":\"ImageObject\",\"inLanguage\":\"it-IT\",\"@id\":\"https:\/\/www.lussona.com\/it\/collezioni\/light-xl\/#primaryimage\",\"url\":\"https:\/\/www.lussona.com\/wp-content\/uploads\/2020\/05\/set-46.jpg\",\"contentUrl\":\"https:\/\/www.lussona.com\/wp-content\/uploads\/2020\/05\/set-46.jpg\",\"width\":981,\"height\":1250},{\"@type\":\"BreadcrumbList\",\"@id\":\"https:\/\/www.lussona.com\/it\/collezioni\/light-xl\/#breadcrumb\",\"itemListElement\":[{\"@type\":\"ListItem\",\"position\":1,\"name\":\"Home\",\"item\":\"https:\/\/www.lussona.com\/it\/\"},{\"@type\":\"ListItem\",\"position\":2,\"name\":\"Collezioni\",\"item\":\"https:\/\/www.lussona.com\/it\/collezioni\/\"},{\"@type\":\"ListItem\",\"position\":3,\"name\":\"LIGHT XL\"}]},{\"@type\":\"WebSite\",\"@id\":\"https:\/\/www.lussona.com\/it\/#website\",\"url\":\"https:\/\/www.lussona.com\/it\/\",\"name\":\"Lussona\",\"description\":\"Flooring for life\",\"publisher\":{\"@id\":\"https:\/\/www.lussona.com\/it\/#organization\"},\"potentialAction\":[{\"@type\":\"SearchAction\",\"target\":{\"@type\":\"EntryPoint\",\"urlTemplate\":\"https:\/\/www.lussona.com\/it\/?s={search_term_string}\"},\"query-input\":{\"@type\":\"PropertyValueSpecification\",\"valueRequired\":true,\"valueName\":\"search_term_string\"}}],\"inLanguage\":\"it-IT\"},{\"@type\":\"Organization\",\"@id\":\"https:\/\/www.lussona.com\/it\/#organization\",\"name\":\"Lussona\",\"url\":\"https:\/\/www.lussona.com\/it\/\",\"logo\":{\"@type\":\"ImageObject\",\"inLanguage\":\"it-IT\",\"@id\":\"https:\/\/www.lussona.com\/it\/#\/schema\/logo\/image\/\",\"url\":\"https:\/\/www.lussona.com\/wp-content\/uploads\/2019\/04\/lussona_logo.svg\",\"contentUrl\":\"https:\/\/www.lussona.com\/wp-content\/uploads\/2019\/04\/lussona_logo.svg\",\"width\":1,\"height\":1,\"caption\":\"Lussona\"},\"image\":{\"@id\":\"https:\/\/www.lussona.com\/it\/#\/schema\/logo\/image\/\"}}]}<\/script>\n<!-- \/ Yoast SEO plugin. -->","yoast_head_json":{"title":"LIGHT XL - Lussona","robots":{"index":"index","follow":"follow","max-snippet":"max-snippet:-1","max-image-preview":"max-image-preview:large","max-video-preview":"max-video-preview:-1"},"canonical":"https:\/\/www.lussona.com\/it\/collezioni\/light-xl\/","og_locale":"it_IT","og_type":"article","og_title":"LIGHT XL - Lussona","og_description":"[vc_row css=&#8221;.vc_custom_1590339083077{margin-top: 35px !important;margin-bottom: 35px !important;}&#8221;][vc_column width=&#8221;1\/4&#8243;][vc_column_text] collezione LIGHT XL [\/vc_column_text][vc_empty_space][\/vc_column][vc_column width=&#8221;1\/4&#8243;][vc_column_text] segno distintivo: DI CARATTERE [\/vc_column_text][\/vc_column][vc_column width=&#8221;1\/2&#8243;][vc_column_text]Minimale, ma con carattere. Un\u2019interpretazione di grande personalit\u00e0: una matericit\u00e0 importante, ma sempre con delicate cromie. Aggiunge all&#8217;effetto Light segni pi\u00f9 marcati resi unici dalla maestria della lavorazione artigianale a spatola. Onde monocromatiche e lievi nuances che rendono [&hellip;]","og_url":"https:\/\/www.lussona.com\/it\/collezioni\/light-xl\/","og_site_name":"Lussona","article_modified_time":"2020-06-05T07:35:51+00:00","og_image":[{"width":981,"height":1250,"url":"https:\/\/www.lussona.com\/wp-content\/uploads\/2020\/05\/set-46.jpg","type":"image\/jpeg"}],"twitter_card":"summary_large_image","twitter_misc":{"Tempo di lettura stimato":"1 minuto"},"schema":{"@context":"https:\/\/schema.org","@graph":[{"@type":"WebPage","@id":"https:\/\/www.lussona.com\/it\/collezioni\/light-xl\/","url":"https:\/\/www.lussona.com\/it\/collezioni\/light-xl\/","name":"LIGHT XL - Lussona","isPartOf":{"@id":"https:\/\/www.lussona.com\/it\/#website"},"primaryImageOfPage":{"@id":"https:\/\/www.lussona.com\/it\/collezioni\/light-xl\/#primaryimage"},"image":{"@id":"https:\/\/www.lussona.com\/it\/collezioni\/light-xl\/#primaryimage"},"thumbnailUrl":"https:\/\/www.lussona.com\/wp-content\/uploads\/2020\/05\/set-46.jpg","datePublished":"2020-01-04T10:00:48+00:00","dateModified":"2020-06-05T07:35:51+00:00","breadcrumb":{"@id":"https:\/\/www.lussona.com\/it\/collezioni\/light-xl\/#breadcrumb"},"inLanguage":"it-IT","potentialAction":[{"@type":"ReadAction","target":["https:\/\/www.lussona.com\/it\/collezioni\/light-xl\/"]}]},{"@type":"ImageObject","inLanguage":"it-IT","@id":"https:\/\/www.lussona.com\/it\/collezioni\/light-xl\/#primaryimage","url":"https:\/\/www.lussona.com\/wp-content\/uploads\/2020\/05\/set-46.jpg","contentUrl":"https:\/\/www.lussona.com\/wp-content\/uploads\/2020\/05\/set-46.jpg","width":981,"height":1250},{"@type":"BreadcrumbList","@id":"https:\/\/www.lussona.com\/it\/collezioni\/light-xl\/#breadcrumb","itemListElement":[{"@type":"ListItem","position":1,"name":"Home","item":"https:\/\/www.lussona.com\/it\/"},{"@type":"ListItem","position":2,"name":"Collezioni","item":"https:\/\/www.lussona.com\/it\/collezioni\/"},{"@type":"ListItem","position":3,"name":"LIGHT XL"}]},{"@type":"WebSite","@id":"https:\/\/www.lussona.com\/it\/#website","url":"https:\/\/www.lussona.com\/it\/","name":"Lussona","description":"Flooring for life","publisher":{"@id":"https:\/\/www.lussona.com\/it\/#organization"},"potentialAction":[{"@type":"SearchAction","target":{"@type":"EntryPoint","urlTemplate":"https:\/\/www.lussona.com\/it\/?s={search_term_string}"},"query-input":{"@type":"PropertyValueSpecification","valueRequired":true,"valueName":"search_term_string"}}],"inLanguage":"it-IT"},{"@type":"Organization","@id":"https:\/\/www.lussona.com\/it\/#organization","name":"Lussona","url":"https:\/\/www.lussona.com\/it\/","logo":{"@type":"ImageObject","inLanguage":"it-IT","@id":"https:\/\/www.lussona.com\/it\/#\/schema\/logo\/image\/","url":"https:\/\/www.lussona.com\/wp-content\/uploads\/2019\/04\/lussona_logo.svg","contentUrl":"https:\/\/www.lussona.com\/wp-content\/uploads\/2019\/04\/lussona_logo.svg","width":1,"height":1,"caption":"Lussona"},"image":{"@id":"https:\/\/www.lussona.com\/it\/#\/schema\/logo\/image\/"}}]}},"_links":{"self":[{"href":"https:\/\/www.lussona.com\/it\/wp-json\/wp\/v2\/pages\/14612","targetHints":{"allow":["GET"]}}],"collection":[{"href":"https:\/\/www.lussona.com\/it\/wp-json\/wp\/v2\/pages"}],"about":[{"href":"https:\/\/www.lussona.com\/it\/wp-json\/wp\/v2\/types\/page"}],"author":[{"embeddable":true,"href":"https:\/\/www.lussona.com\/it\/wp-json\/wp\/v2\/users\/1"}],"replies":[{"embeddable":true,"href":"https:\/\/www.lussona.com\/it\/wp-json\/wp\/v2\/comments?post=14612"}],"version-history":[{"count":28,"href":"https:\/\/www.lussona.com\/it\/wp-json\/wp\/v2\/pages\/14612\/revisions"}],"predecessor-version":[{"id":15948,"href":"https:\/\/www.lussona.com\/it\/wp-json\/wp\/v2\/pages\/14612\/revisions\/15948"}],"up":[{"embeddable":true,"href":"https:\/\/www.lussona.com\/it\/wp-json\/wp\/v2\/pages\/42"}],"wp:featuredmedia":[{"embeddable":true,"href":"https:\/\/www.lussona.com\/it\/wp-json\/wp\/v2\/media\/14522"}],"wp:attachment":[{"href":"https:\/\/www.lussona.com\/it\/wp-json\/wp\/v2\/media?parent=14612"}],"curies":[{"name":"wp","href":"https:\/\/api.w.org\/{rel}","templated":true}]}}